{"id":9684,"date":"2026-03-02T08:09:27","date_gmt":"2026-03-02T07:09:27","guid":{"rendered":"https:\/\/www.sosna.x01.pl\/?page_id=9684"},"modified":"2026-03-03T10:51:40","modified_gmt":"2026-03-03T09:51:40","slug":"strona-glowna","status":"publish","type":"page","link":"https:\/\/www.sosna.x01.pl\/","title":{"rendered":"Strona g\u0142\u00f3wna"},"content":{"rendered":"\n    \n    <section class=\"u-align-center u-black u-clearfix u-container-align-center u-section-2\" id=\"sec-4260\">\n      \n      \n      \n      \n      \n      \n      \n      \n      \n      \n      \n      \n      \n      \n      \n      \n      \n      \n      \n      \n      \n      \n      \n      \n      \n      <div class=\"u-clearfix u-sheet u-valign-middle u-sheet-1\">\n        <div class=\"u-expanded-width u-list u-list-1\">\n          <div class=\"u-repeater u-repeater-1\">\n            <div class=\"u-align-center u-border-1 u-border-palette-2-base u-container-align-center u-container-style u-image u-image-default u-list-item u-repeater-item u-shape-round u-image-1\" data-animation-name=\"customAnimationIn\" data-animation-duration=\"1500\" data-animation-delay=\"500\" data-image-width=\"1080\" data-image-height=\"608\" data-href=\"https:\/\/www.sosna.x01.pl\/?page_id=381\" title=\"FILMY\" style=\"background-image: url(&quot;https:\/\/www.sosna.x01.pl\/wp-content\/uploads\/2026\/03\/drstange-3.jpg&quot;);\">\n              <div class=\"u-container-layout u-similar-container u-valign-bottom u-container-layout-1\">\n                <div class=\"u-container-align-center u-container-style u-expanded-width u-gradient u-group u-opacity u-opacity-80 u-group-1\">\n                  <div class=\"u-container-layout u-container-layout-2\">\n                    <h5 class=\"u-align-center u-hover-feature u-text u-text-body-alt-color u-text-1\">FILMY<\/h5>\n                  <\/div>\n                <\/div>\n              <\/div>\n            <\/div>\n            <div class=\"u-align-center u-border-1 u-border-palette-2-base u-container-align-center u-container-style u-image u-image-default u-list-item u-repeater-item u-shape-round u-image-2\" data-animation-name=\"customAnimationIn\" data-animation-duration=\"1500\" data-animation-delay=\"500\" data-image-width=\"5417\" data-image-height=\"3611\" style=\"background-image: url(&quot;https:\/\/www.sosna.x01.pl\/wp-content\/uploads\/2026\/03\/JsTiYK34unEJi2dbdc13fkjDerEwcIEEM6n0aZslK2V2YVWUONQAftD40UA07vQ0gwx0icHo8OzdyV7x02NWWqA3YD1ediO3PlH7rZBkGo5DkB0j8xQs2qA.jpeg&quot;);\">\n              <div class=\"u-container-layout u-similar-container u-valign-bottom u-container-layout-3\">\n                <div class=\"u-container-align-center u-container-style u-expanded-width u-gradient u-group u-opacity u-opacity-80 u-group-2\" data-href=\"https:\/\/www.sosna.x01.pl\/?page_id=7196\" title=\"MUZYKA\">\n                  <div class=\"u-container-layout u-container-layout-4\">\n                    <h5 class=\"u-align-center u-hover-feature u-text u-text-body-alt-color u-text-2\">MUZYKA <\/h5>\n                  <\/div>\n                <\/div>\n              <\/div>\n            <\/div>\n            <div class=\"u-align-center u-border-1 u-border-palette-2-base u-container-align-center u-container-style u-image u-image-default u-list-item u-repeater-item u-shape-round u-image-3\" data-animation-name=\"customAnimationIn\" data-animation-duration=\"1500\" data-animation-delay=\"500\" data-image-width=\"793\" data-image-height=\"504\" style=\"background-image: url(&quot;https:\/\/www.sosna.x01.pl\/wp-content\/uploads\/2026\/03\/1984.jpg&quot;);\">\n              <div class=\"u-container-layout u-similar-container u-valign-bottom u-container-layout-5\">\n                <div class=\"u-container-align-center u-container-style u-expanded-width u-gradient u-group u-opacity u-opacity-80 u-group-3\" data-href=\"https:\/\/www.sosna.x01.pl\/?page_id=7244\" title=\"KSI\u0104\u017bKI\">\n                  <div class=\"u-container-layout u-container-layout-6\">\n                    <h5 class=\"u-align-center u-hover-feature u-text u-text-body-alt-color u-text-3\">KSI\u0104\u017bKI<br>\n                    <\/h5>\n                  <\/div>\n                <\/div>\n              <\/div>\n            <\/div>\n            <div class=\"u-align-center u-border-1 u-border-palette-2-base u-container-align-center u-container-style u-image u-image-default u-list-item u-repeater-item u-shape-round u-image-4\" data-animation-name=\"customAnimationIn\" data-animation-duration=\"1500\" data-animation-delay=\"500\" data-image-width=\"500\" data-image-height=\"275\" style=\"background-image: url(&quot;https:\/\/www.sosna.x01.pl\/wp-content\/uploads\/2026\/03\/hitler.jpg&quot;);\">\n              <div class=\"u-container-layout u-similar-container u-valign-bottom u-container-layout-7\">\n                <div class=\"u-container-align-center u-container-style u-expanded-width u-gradient u-group u-opacity u-opacity-80 u-group-4\" data-href=\"https:\/\/www.sosna.x01.pl\/?page_id=382\" title=\"HITLER\">\n                  <div class=\"u-container-layout u-container-layout-8\">\n                    <h5 class=\"u-align-center u-hover-feature u-text u-text-body-alt-color u-text-4\">HITLER <\/h5>\n                  <\/div>\n                <\/div>\n              <\/div>\n            <\/div>\n            <div class=\"u-align-center u-border-1 u-border-palette-2-base u-container-align-center u-container-style u-image u-image-default u-list-item u-repeater-item u-shape-round u-image-5\" data-animation-name=\"customAnimationIn\" data-animation-duration=\"1500\" data-animation-delay=\"500\" data-image-width=\"1140\" data-image-height=\"641\" style=\"background-image: url(&quot;https:\/\/www.sosna.x01.pl\/wp-content\/uploads\/2026\/03\/00d5282caa2126e5ed3be04b0fa1925351f8a4cb204cfcd4eb70ccfedae073ace543f4789d13cd2345827a538bfd7dccf537e8247614b5f00b9a32_1280.jpg&quot;);\">\n              <div class=\"u-container-layout u-similar-container u-valign-bottom u-container-layout-9\">\n                <div class=\"u-container-align-center u-container-style u-expanded-width u-gradient u-group u-opacity u-opacity-80 u-group-5\" data-href=\"https:\/\/www.sosna.x01.pl\/?page_id=7206\" title=\"DRON\">\n                  <div class=\"u-container-layout u-container-layout-10\">\n                    <h5 class=\"u-align-center u-hover-feature u-text u-text-body-alt-color u-text-5\">\n                      <a class=\"u-active-none u-border-none u-btn u-button-link u-button-style u-hover-none u-none u-text-body-alt-color u-btn-1\" data-href=\"#\">DRON<\/a>\n                    <\/h5>\n                  <\/div>\n                <\/div>\n              <\/div>\n            <\/div>\n            <div class=\"u-align-center u-border-1 u-border-palette-2-base u-container-align-center u-container-style u-image u-image-default u-list-item u-repeater-item u-shape-round u-image-6\" data-animation-name=\"customAnimationIn\" data-animation-duration=\"1500\" data-animation-delay=\"500\" data-image-width=\"1140\" data-image-height=\"760\" style=\"background-image: url(&quot;https:\/\/www.sosna.x01.pl\/wp-content\/uploads\/2026\/03\/g586fe420dd353791dcc5d53d93d25bfe79123e81bea2be94de9d41dfa72b48f5bb386dc63926406a8df89c6fa374b95e_1280.jpg&quot;);\">\n              <div class=\"u-container-layout u-similar-container u-valign-bottom u-container-layout-11\">\n                <div class=\"u-container-align-center u-container-style u-expanded-width u-gradient u-group u-opacity u-opacity-80 u-group-6\" data-href=\"https:\/\/www.sosna.x01.pl\/?page_id=3\" title=\"ROWER\">\n                  <div class=\"u-container-layout u-container-layout-12\">\n                    <h5 class=\"u-align-center u-hover-feature u-text u-text-body-alt-color u-text-6\">ROWER<\/h5>\n                  <\/div>\n                <\/div>\n              <\/div>\n            <\/div>\n            <div class=\"u-align-center u-border-1 u-border-palette-2-base u-container-align-center u-container-style u-image u-image-default u-list-item u-repeater-item u-shape-round u-image-7\" data-animation-name=\"customAnimationIn\" data-animation-duration=\"1500\" data-animation-delay=\"500\" data-image-width=\"1140\" data-image-height=\"762\" style=\"background-image: url(&quot;https:\/\/www.sosna.x01.pl\/wp-content\/uploads\/2026\/03\/Travel_41.jpg&quot;);\">\n              <div class=\"u-container-layout u-similar-container u-valign-bottom u-container-layout-13\">\n                <div class=\"u-container-align-center u-container-style u-expanded-width u-gradient u-group u-opacity u-opacity-80 u-group-7\" data-href=\"https:\/\/www.sosna.x01.pl\/?page_id=388\" title=\"PANORAMY\">\n                  <div class=\"u-container-layout u-container-layout-14\">\n                    <h5 class=\"u-align-center u-hover-feature u-text u-text-body-alt-color u-text-7\">PANORAMY<\/h5>\n                  <\/div>\n                <\/div>\n              <\/div>\n            <\/div>\n            <div class=\"u-align-center u-border-1 u-border-palette-2-base u-container-align-center u-container-style u-image u-image-default u-list-item u-repeater-item u-shape-round u-image-8\" data-animation-name=\"customAnimationIn\" data-animation-duration=\"1500\" data-animation-delay=\"500\" data-image-width=\"1140\" data-image-height=\"889\" style=\"background-image: url(&quot;https:\/\/www.sosna.x01.pl\/wp-content\/uploads\/2026\/03\/c53a25cec7be47ca06364c9c6be4c4b6487e64241bea3cb87bb4feee5e6816536ff14aa79677d0958043b5710938f959be60f92c16355d590f1696_1280.jpg&quot;);\">\n              <div class=\"u-container-layout u-similar-container u-valign-bottom u-container-layout-15\">\n                <div class=\"u-container-align-center u-container-style u-expanded-width u-gradient u-group u-opacity u-opacity-80 u-group-8\">\n                  <div class=\"u-container-layout u-container-layout-16\">\n                    <h5 class=\"u-align-center u-hover-feature u-text u-text-body-alt-color u-text-8\">\n                      <a class=\"u-active-none u-border-none u-btn u-button-link u-button-style u-hover-none u-none u-text-body-alt-color u-btn-2\" href=\"https:\/\/www.sosna.x01.pl\/?page_id=7243\">INNE<\/a>\n                    <\/h5>\n                  <\/div>\n                <\/div>\n              <\/div>\n            <\/div>\n            <div class=\"u-align-center u-border-1 u-border-palette-2-base u-container-align-center u-container-style u-image u-image-default u-list-item u-repeater-item u-shape-round u-image-9\" data-animation-name=\"customAnimationIn\" data-animation-duration=\"1500\" data-animation-delay=\"750\" data-image-width=\"2050\" data-image-height=\"1440\" data-href=\"https:\/\/www.sosna.x01.pl\/?page_id=7194\" style=\"background-image: url(&quot;https:\/\/www.sosna.x01.pl\/wp-content\/uploads\/2026\/03\/hirs1.jpg&quot;);\">\n              <div class=\"u-container-layout u-similar-container u-valign-bottom u-container-layout-17\">\n                <div class=\"u-container-align-center u-container-style u-expanded-width u-gradient u-group u-opacity u-opacity-80 u-group-9\">\n                  <div class=\"u-container-layout u-container-layout-18\">\n                    <h5 class=\"u-align-center u-hover-feature u-text u-text-body-alt-color u-text-9\">STARE FOTO <\/h5>\n                  <\/div>\n                <\/div>\n              <\/div>\n            <\/div>\n            <div class=\"u-align-center u-border-1 u-border-palette-2-base u-container-align-center u-container-style u-image u-image-default u-list-item u-repeater-item u-shape-round u-image-10\" data-animation-name=\"customAnimationIn\" data-animation-duration=\"1500\" data-animation-delay=\"750\" data-image-width=\"1140\" data-image-height=\"641\" style=\"background-image: url(&quot;https:\/\/www.sosna.x01.pl\/wp-content\/uploads\/2026\/03\/b2f347809052f35080bbf1197099f05b94acd358d7e92a1f36bd20646ad9e2c223ee66f05419b66d817cb857c406e0c172a68bcc323c8d5153ef2f_1280.jpg&quot;);\">\n              <div class=\"u-container-layout u-similar-container u-valign-bottom u-container-layout-19\">\n                <div class=\"u-container-align-center u-container-style u-expanded-width u-gradient u-group u-opacity u-opacity-80 u-group-10\">\n                  <div class=\"u-container-layout u-container-layout-20\">\n                    <h5 class=\"u-align-center u-hover-feature u-text u-text-body-alt-color u-text-10\">\n                      <a class=\"u-active-none u-border-none u-btn u-button-link u-button-style u-hover-none u-none u-text-body-alt-color u-btn-3\" data-href=\"https:\/\/www.sosna.x01.pl\/?page_id=7323\">MOJE FOTO <\/a>\n                    <\/h5>\n                  <\/div>\n                <\/div>\n              <\/div>\n            <\/div>\n            <div class=\"u-align-center u-border-1 u-border-palette-2-base u-container-align-center u-container-style u-image u-image-default u-list-item u-repeater-item u-shape-round u-image-11\" data-animation-name=\"customAnimationIn\" data-animation-duration=\"1500\" data-animation-delay=\"750\" data-image-width=\"626\" data-image-height=\"626\" style=\"background-image: url(&quot;https:\/\/www.sosna.x01.pl\/wp-content\/uploads\/2026\/03\/46.jpg&quot;);\">\n              <div class=\"u-container-layout u-similar-container u-valign-bottom u-container-layout-21\">\n                <div class=\"u-container-align-center u-container-style u-expanded-width u-gradient u-group u-opacity u-opacity-80 u-group-11\">\n                  <div class=\"u-container-layout u-container-layout-22\">\n                    <h5 class=\"u-align-center u-hover-feature u-text u-text-body-alt-color u-text-11\"> Wizyt\u00f3wki<\/h5>\n                  <\/div>\n                <\/div>\n              <\/div>\n            <\/div>\n            <div class=\"u-align-center u-border-1 u-border-palette-2-base u-container-align-center u-container-style u-image u-image-default u-list-item u-repeater-item u-shape-round u-image-12\" data-animation-name=\"customAnimationIn\" data-animation-duration=\"1500\" data-animation-delay=\"750\" data-image-width=\"845\" data-image-height=\"816\" style=\"background-image: url(&quot;https:\/\/www.sosna.x01.pl\/wp-content\/uploads\/2026\/03\/3546546.jpg&quot;);\">\n              <div class=\"u-container-layout u-similar-container u-valign-bottom u-container-layout-23\">\n                <div class=\"u-container-align-center u-container-style u-expanded-width u-gradient u-group u-opacity u-opacity-80 u-group-12\">\n                  <div class=\"u-container-layout u-container-layout-24\">\n                    <h5 class=\"u-align-center u-hover-feature u-text u-text-body-alt-color u-text-12\"> Wizyt\u00f3wki<\/h5>\n                  <\/div>\n                <\/div>\n              <\/div>\n            <\/div>\n          <\/div>\n        <\/div>\n      <\/div>\n      \n      \n      \n      \n      \n      \n      \n      \n      \n      \n      \n      \n      \n      \n      \n      \n    <\/section>\n    \n    \n    \n    \n  \n","protected":false},"excerpt":{"rendered":"<p>FILMY MUZYKA KSI\u0104\u017bKI HITLER DRON ROWER PANORAMY INNE STARE FOTO MOJE FOTO Wizyt\u00f3wki Wizyt\u00f3wki<\/p>\n","protected":false},"author":1,"featured_media":0,"parent":0,"menu_order":2,"comment_status":"closed","ping_status":"closed","template":"","meta":{"ngg_post_thumbnail":0,"footnotes":""},"class_list":["post-9684","page","type-page","status-publish","hentry"],"_links":{"self":[{"href":"https:\/\/www.sosna.x01.pl\/index.php?rest_route=\/wp\/v2\/pages\/9684","targetHints":{"allow":["GET"]}}],"collection":[{"href":"https:\/\/www.sosna.x01.pl\/index.php?rest_route=\/wp\/v2\/pages"}],"about":[{"href":"https:\/\/www.sosna.x01.pl\/index.php?rest_route=\/wp\/v2\/types\/page"}],"author":[{"embeddable":true,"href":"https:\/\/www.sosna.x01.pl\/index.php?rest_route=\/wp\/v2\/users\/1"}],"replies":[{"embeddable":true,"href":"https:\/\/www.sosna.x01.pl\/index.php?rest_route=%2Fwp%2Fv2%2Fcomments&post=9684"}],"version-history":[{"count":10,"href":"https:\/\/www.sosna.x01.pl\/index.php?rest_route=\/wp\/v2\/pages\/9684\/revisions"}],"predecessor-version":[{"id":9807,"href":"https:\/\/www.sosna.x01.pl\/index.php?rest_route=\/wp\/v2\/pages\/9684\/revisions\/9807"}],"wp:attachment":[{"href":"https:\/\/www.sosna.x01.pl\/index.php?rest_route=%2Fwp%2Fv2%2Fmedia&parent=9684"}],"curies":[{"name":"wp","href":"https:\/\/api.w.org\/{rel}","templated":true}]}}