{"id":7323,"date":"2024-07-23T14:31:37","date_gmt":"2024-07-23T13:31:37","guid":{"rendered":"https:\/\/www.sosna.x01.pl\/?page_id=7323"},"modified":"2026-03-03T08:58:43","modified_gmt":"2026-03-03T07:58:43","slug":"o-nas","status":"publish","type":"page","link":"https:\/\/www.sosna.x01.pl\/?page_id=7323","title":{"rendered":"MOJE FOTOGRAFIE"},"content":{"rendered":"\n    \n    <section class=\"u-black u-clearfix u-section-2\" id=\"sec-24ce\">\n      <div class=\"u-clearfix u-sheet u-valign-middle u-sheet-1\">\n        <div class=\"u-blog u-expanded-width u-layout-grid u-pagination-center u-blog-1 u-hidden-visibility\"  data-items-per-page=\"9\" data-blog-source-type=\"Custom\" data-blog-source=\"MOJE FOTOGRAFIE\" data-max-items=\"9\" data-site-sorting-prop=\"created\" data-site-sorting-order=\"desc\">\n          <div class=\"u-repeater u-repeater-1\">\n            <div class=\"u-align-center u-black u-blog-post u-border-1 u-border-custom-color-1 u-container-align-center u-container-style u-repeater-item u-repeater-item-1\">\n              <div class=\"u-container-layout u-similar-container u-valign-top u-container-layout-1\"><a class=\"u-blog-control u-expanded-width u-image u-image-default u-image-1\" href=\"https:\/\/www.sosna.x01.pl\/?p=8706\">\n                <img decoding=\"async\" alt=\"\" class=\"u-blog-control u-expanded-width u-image u-image-default u-image-1\" src=\"https:\/\/www.sosna.x01.pl\/wp-content\/uploads\/2024\/07\/343bd8402d620f768d0fa4f08ec8dc252d414f3afe4286d710fcaef0b3eafa18e669bf5ebc72cd903e0e45edd55d57f5456bcdae5f286821320467_1280.jpg\"><\/a>\n                <h4 class=\"u-blog-control u-text u-text-1\">\n                  <a class=\"u-post-header-link\" href=\"https:\/\/www.sosna.x01.pl\/?p=8706\">Fauna<\/a>\n                <\/h4>\n                <div class=\"u-blog-control u-metadata u-text-palette-2-base u-metadata-1\"><span class=\"u-meta-date u-meta-icon\">2024-08-25<\/span><span class=\"u-meta-category u-meta-icon\"><a class=\"u-textlink\" href=\"https:\/\/www.sosna.x01.pl\/?cat=75\" rel=\"category\">MOJE FOTOGRAFIE<\/a><\/span>\n                <\/div>\n                <a href=\"https:\/\/www.sosna.x01.pl\/?p=8706\" class=\"u-black u-blog-control u-border-1 u-border-white u-btn u-button-style u-btn-1\">Wi\u0119cej<\/a>\n              <\/div>\n            <\/div>\n            <div class=\"u-align-center u-black u-blog-post u-border-1 u-border-custom-color-1 u-container-align-center u-container-style u-repeater-item u-video-cover\">\n              <div class=\"u-container-layout u-similar-container u-valign-top u-container-layout-2\"><a class=\"u-blog-control u-expanded-width u-image u-image-default u-image-2\" href=\"https:\/\/www.sosna.x01.pl\/?p=8655\">\n                <img decoding=\"async\" alt=\"\" class=\"u-blog-control u-expanded-width u-image u-image-default u-image-2\" src=\"https:\/\/www.sosna.x01.pl\/wp-content\/uploads\/2024\/07\/bee26e2131c6d2500c61fcc145d46f9256e83759ebf54c6544b6f83911ad294c91a8f23887ed558cfaf800976b54c9d41d5083c133b17be0b18b61_1280.jpg\"><\/a>\n                <h4 class=\"u-blog-control u-text u-text-2\">\n                  <a class=\"u-post-header-link\" href=\"https:\/\/www.sosna.x01.pl\/?p=8655\">G\u00f3ry<\/a>\n                <\/h4>\n                <div class=\"u-blog-control u-metadata u-text-palette-2-base u-metadata-2\"><span class=\"u-meta-date u-meta-icon\">2024-08-25<\/span><span class=\"u-meta-category u-meta-icon\"><a class=\"u-textlink\" href=\"https:\/\/www.sosna.x01.pl\/?cat=75\" rel=\"category\">MOJE FOTOGRAFIE<\/a><\/span>\n                <\/div>\n                <a href=\"https:\/\/www.sosna.x01.pl\/?p=8655\" class=\"u-black u-blog-control u-border-1 u-border-white u-btn u-button-style u-btn-2\">Wi\u0119cej<\/a>\n              <\/div>\n            <\/div>\n            <div class=\"u-align-center u-black u-blog-post u-border-1 u-border-custom-color-1 u-container-align-center u-container-style u-repeater-item u-video-cover\">\n              <div class=\"u-container-layout u-similar-container u-valign-top u-container-layout-3\"><a class=\"u-blog-control u-expanded-width u-image u-image-default u-image-3\" href=\"https:\/\/www.sosna.x01.pl\/?p=8625\">\n                <img decoding=\"async\" alt=\"\" class=\"u-blog-control u-expanded-width u-image u-image-default u-image-3\" src=\"https:\/\/www.sosna.x01.pl\/wp-content\/uploads\/2024\/07\/4cfe64243a3d0b03bf6250f473da7a98540408a99859a6110a76121610800e7cf66b814a4f7436ea7aa067a7c5b24437b7873ec45216937b112108_1280.jpg\"><\/a>\n                <h4 class=\"u-blog-control u-text u-text-3\">\n                  <a class=\"u-post-header-link\" href=\"https:\/\/www.sosna.x01.pl\/?p=8625\">Dron<\/a>\n                <\/h4>\n                <div class=\"u-blog-control u-metadata u-text-palette-2-base u-metadata-3\"><span class=\"u-meta-date u-meta-icon\">2024-08-25<\/span><span class=\"u-meta-category u-meta-icon\"><a class=\"u-textlink\" href=\"https:\/\/www.sosna.x01.pl\/?cat=75\" rel=\"category\">MOJE FOTOGRAFIE<\/a><\/span>\n                <\/div>\n                <a href=\"https:\/\/www.sosna.x01.pl\/?p=8625\" class=\"u-black u-blog-control u-border-1 u-border-white u-btn u-button-style u-btn-3\">Wi\u0119cej<\/a>\n              <\/div>\n            <\/div>\n            <div class=\"u-align-center u-black u-blog-post u-border-1 u-border-custom-color-1 u-container-align-center u-container-style u-repeater-item u-video-cover\">\n              <div class=\"u-container-layout u-similar-container u-valign-top u-container-layout-4\"><a class=\"u-blog-control u-expanded-width u-image u-image-default u-image-4\" href=\"https:\/\/www.sosna.x01.pl\/?p=8545\">\n                <img decoding=\"async\" alt=\"\" class=\"u-blog-control u-expanded-width u-image u-image-default u-image-4\" src=\"https:\/\/www.sosna.x01.pl\/wp-content\/uploads\/2024\/07\/76e36240a32309cf69f5d71c28c3d8d41ddae04ad03e49567c5887d9118076cebb3324e195803087a2bc3f7651ba013cf8d7812e39d239b4737c34_1280-2.jpg\" style=\"background-image: url(&quot;https:\/\/www.sosna.x01.pl\/wp-content\/uploads\/2024\/11\/zelig-8.jpg&quot;);\"><\/a>\n                <h4 class=\"u-blog-control u-text u-text-4\">\n                  <a class=\"u-post-header-link\" href=\"https:\/\/www.sosna.x01.pl\/?p=8545\">Infrared<\/a>\n                <\/h4>\n                <div class=\"u-blog-control u-metadata u-text-palette-2-base u-metadata-4\"><span class=\"u-meta-date u-meta-icon\">2024-08-25<\/span><span class=\"u-meta-category u-meta-icon\"><a class=\"u-textlink\" href=\"https:\/\/www.sosna.x01.pl\/?cat=75\" rel=\"category\">MOJE FOTOGRAFIE<\/a><\/span>\n                <\/div>\n                <a href=\"https:\/\/www.sosna.x01.pl\/?p=8545\" class=\"u-black u-blog-control u-border-1 u-border-white u-btn u-button-style u-btn-4\">Wi\u0119cej<\/a>\n              <\/div>\n            <\/div>\n          <\/div>\n          <div class=\"has-pagination u-list-control\">\n          <\/div>\n        <\/div>\n      <\/div>\n    <\/section>\n    <section class=\"u-black u-clearfix u-section-3\" id=\"sec-6231\">\n      <div class=\"u-clearfix u-sheet u-sheet-1\">\n        <a href=\"#\" class=\"u-active-black u-align-center u-black u-border-1 u-border-active-white u-border-hover-white u-border-white u-btn u-button-style u-hover-black u-text-hover-white u-btn-1\"><span class=\"u-file-icon u-icon u-text-white u-icon-1\"><img decoding=\"async\" src=\"data:image\/png;base64,iVBORw0KGgoAAAANSUhEUgAAAIAAAACACAYAAADDPmHLAAALtElEQVR4Xu1dBYwdVRTt4q7FrQTX4O5SPISgbakibWmLU1yCFgqF4k5xDyFY8OIQNEjw0AZ3KFCc5Zyft8vn7\/z\/7pu5MztyX\/Kyu3\/uu+\/Ovec\/Oe\/ObFsPK5X2QFul795uvocBoOIgMAAYACrugYrfvo0ABoCKe6Dit28jgAGg4h6o+O3bCGAAqK4H2tvbV+Ddt7W1vV1VL1R2BEDw90LQr3CB3w8guKWKIKgcABD4GRDoc1BHNgT8Qvx9GIDwR5WAUCkAIPiLIbi3o67bJMgv4PPdAYKPqwKCygAAwd8GQb0RdV5PcL\/F9X4AwYNVAEHpAYDAT4NAnoB6PCp\/l5R\/IHQK6skAAn8vbSk1ABD8nu5b3ztmBB9yo8E3MdvnvllpAYDgc57nfM95P0nheoDrAq4PSldKCQAEnyt8rvS54tco3Blwh8CdQqlKqQCAwM+G6HBvzz1+GoVcATmDn9NQ3h06SwMABH9FOPAO1Bq7l2Iha7hrWdjDUgAAwe\/jvvmzphj4etW\/uJHg5oz6S62bQgPAsXrj4J0RqXmoteKLcPlQKXsIe7eD\/HIKtk5Bn1cr6CluUiicuTgcwFX+OhqOSKBDzB7CZq4h9kzQV0fTyQBALwU9xQRAAKun4SOJDhF7aACQuLKFTExWL2Gv4uZe9tAAIPZlV0EFVi9B70FNm7KHBoAgP\/4nDMeth79uQ03K6sW0ILhZJHtoAAj2Y48ecNooNCOrN32M5r4mU53ALD7BGNe7sIcGgAAvOlbvSqVVc1TP7+HDXd2FO\/Fz2QDzQkQ72UMDgNBtjtVjUJYXNgkVo+7B2Er9xIbob3b8uKYOEKH6fPI19hD1RCVAl3cbiGD0hZMuR02D1fsLekcj8OdGRQx9H4LPz0KdzhfRGNfJHn6BulSMto1NygcAx+oxMAcoOChKxWf4cA8E\/5lW+mHHhrjOBefCKdmhobZcAMiA1XsMXu+D4H8l8T7smR9y5Pm3kMh3g0x5AABnbwsH3oDqy9WL4+d2NBqDejyC\/3eIAtg1LeSZFnYUat7OTIoPAMfqcVHEXL00HPw99A5A4O8NCXyjLOzcEZ9dhzp3Ej3KbYsNAMfq3QSnbK3smA51r+CX3RD8jzT0w94loYe5Bmto6FPQUVwAOFaPp3iLKjgiSgUzgg5E8H\/T1A+7Z4K+81H309QbU1cxAQAnHogbPhs1DVbvV+gdjsBfK3Uq7OlPWbS5PqDNQMhegjqztE0KcsUCQAas3gdwMtO0Xpc4G\/bMCLnxqEOd\/GX4eRDa\/y5svyrkSCYtLZFPQaY4AMiA1bsLDh6E4E2ROBr29IIc5\/M1G+Rfxt9cN0wS6pkDchNQd5HIK8sUAwAZsHpHI2CcUkQF9uwAQQ73zVb03Dn0h877RAohBJ2H48cZqGmwh83MyDcAMmD1Podn9kSgnpIEym05T4bsMai+LSe5g9NRT4B+0WNh0L8x5G9FXUhij4JMfgHgWD0OsWsr3GiUion4cC8E50uJfsfqccu5pUS+TuZR\/N43gD1cAPI8+dsssJ844vkEQAasHg9qjpWyerBnA8iT118kjpfR5lNUnh88K2nv2MPTIDtaMNJIVDaTyRcA3BB7Eqw9LqUb\/wF6udC7W+o12HQwZAmYpFvOPxlQ9H1eQN87Q3YC6lzSNoFyPNhaTDpFtdLtmw+9dmXA6r0GI7g6\/9BrDARgD8\/2mTO\/m0Q+QIbT2hDYUcsh8BXYwWNftlnNJxvz+sNoxykq0ZPLiQCAm1wfRnCITYvVYyBHSFk92LMy5NPM7qllEcGeNyVBc+whHx4ZIpGPIfMJ2vDJ5edjtK01iQ2AlFk90rgMvPjpF8fqXYp2aeT31fuXeYTDAtlDAoBAIJ2sXThFHQ57SFMHl2AAOFbvKvS0R3BvsgYc6jnkc+j3lghWz9tGSSCUPeRUwClBIyMo6hY4Eu8DvwU9uRwEADh7JXcTaeXqcZE3EDfxoyRIjtXjwdJaEvkUZF6CTg7BkyS6Ye+ckONZBReJaZR33JfnLalyMQBgfD8oJerTyNVjsgZJmrFwJokYb4E920OIiSTdfU5P9nBv2H2\/12gIwG76\/AhUkk1MOtEuzD0cCnv4Qixv8QLAsXrcAg33aosnwERJEjtPSJoHsnoSlRoycdjDTdExiaMFNQyI0METy4Ph15bvPWwJADh7CSjhEJsWq\/ekCz6pXW+BPfNBiLl6oayeV7eSANlD5h5+LdGH+yF1TBBsIpGPIfMi2nCKmtysbVMAwDg+y84hdp4YHUua8BCHhzlM1fYWBVbP24eSQCh7yEMkHibxUCmN8h2Ucop6IEp5FwBkwOpxgTcYBvEYV1QUWT1RfwpCcdhDHivz4RQuFLULp6hTUU9qZA\/\/BwA3xPLgZCttC5w+JmyQSGECh7ekyOp5+1YSCGUPmWBCIosJJ2mUR6CU7GHnFNUJgAxYvQno\/AB0ztQtb8mA1fPaoCQQyh4y1exi1EFK\/TeqIXvIA67neKEGADj7IPwYi5r04CTKZrJ6o9AhH\/QUFdizNwS55Uyb1RPZoyBE9pBbM66pRAU+2BeCF6CmxR4eAXvGt6Ej5rzXkiNTKEzLJqvHNG1vcawet5zDvMLFFCBVza2ZNPeQaeicRpiWnka5ngDY333btDu4Bwr5YAaPcr0lB6ye10YlgVD2kEfK\/JLupNR\/vZqhHVMA6ckBSh2Q1ePTPmMCWT3m6qW15VS6NTU13Jox9zCEPeQjanxUTYs9vA79D+wAAOdaHimukvAW+fAlWb3HJXpyyupJTNeQicMebo6OSRzx4dUk5Q00Xg9xmlq\/C1gGH3J4YrpznPI0GjFRk9kq3lIAVs97D0oCoewhH1tnAupGMftn+vxaiNP7bN\/IA\/AtFlx0hBa+rfPIErJ6oX6IKx+HPTwTnR0ao0Muysk11EoUE8gXMkkVE01Mk+pU6DOogKye75a0rsdhD\/mFZdKMdNQeh1gdVm9wFADITU9E5ZsyWhXOI0QTiQ5vcaweE0l29wpXW4CHb0zskOYe8uVWHLV96ze+GWWzxlE68jAIweI88ypqs8UGV+xMi+p4zVrLkDlWj0ZqvCi5CvB41325pLmHXMSTY2jG53BxvnrU+qzVaSBfj8K3XtZvO0hg8CFKsnSiUkJWT3TfCkJx2EM+7MqHXvnwa0fhtrw3YsbX5HQpvnwAZunwQQeWSQ6VfIjSWyrA6nl9oCQQyh7yoVeOtr1c\/3yQhtlHkcUHAF4no8efPFNm+pO3uEQSGtFduXpeGwsmwO0511tNEzvq7wf+Z5oczx3INezUipCTpIQxB3CqsXrdDpk47OEsiBtzBJsWLwBCbtsN+zzuVdUbYkPJZfmNnll6mCTxhWqgAAAeXYrO+yXGmUykBwgAtfcfGQCKhzIDQPFipmqxAUDVncVTZgAoXsxULTYAqLqzeMoMAMWLmarFBgBVdxZPmQGgeDFTtdgAoOrO4ikzABQvZqoWGwAC3Mk06shz8AAdHaLMzc\/DP640AAQEj8\/qM406ccE5B1+\/koeMJgNAQDQNAB5nlf0wyABgALApoBUGbAQQzie2BhA4KocJITYF2BRgU4BNAYLRyydiU4DPQ7huU4DASclFjAcI8KGtAWwNYGsAWwMEDBnNRG0NIHCirQEETkouYmuAAB\/aGsDWALYGsDVAwJBha4AEzrI1QALnyZvaGkDuq9o\/b7CEkBYOs9NAIZpsGyhwlE0BAiclF7EpIMCHNgXYNtDWALYNDBgybBuYwFm2BkjgPHlTWwPIfWXbQJ+vbBvo85C7bttAgaNsChA4KbmITQEBPrRtoG0DbRto28CAIcO2gQmcZWuABM6TN7U1gNxXtg30+Up7G8h\/N3Ocr9MMr9+B42DRf93w2YTRbSRkevrkMrh+qvSfc0lsUQWApEOTyZcHDAD5ikfm1hgAMnd5vjo0AOQrHplbYwDI3OX56tAAkK94ZG6NASBzl+erQwNAvuKRuTUGgMxdnq8ODQD5ikfm1vwLy13kv+uxJToAAAAASUVORK5CYII=\" alt=\"\"><\/span> HOME<br>\n        <\/a>\n      <\/div>\n    <\/section>\n    \n    \n    \n  \n","protected":false},"excerpt":{"rendered":"<p>Fauna 2024-08-25MOJE FOTOGRAFIE Wi\u0119cej G\u00f3ry 2024-08-25MOJE FOTOGRAFIE Wi\u0119cej Dron 2024-08-25MOJE FOTOGRAFIE Wi\u0119cej Infrared 2024-08-25MOJE FOTOGRAFIE Wi\u0119cej HOME<\/p>\n","protected":false},"author":1,"featured_media":0,"parent":0,"menu_order":3,"comment_status":"closed","ping_status":"closed","template":"","meta":{"ngg_post_thumbnail":0,"footnotes":""},"class_list":["post-7323","page","type-page","status-publish","hentry"],"_links":{"self":[{"href":"https:\/\/www.sosna.x01.pl\/index.php?rest_route=\/wp\/v2\/pages\/7323","targetHints":{"allow":["GET"]}}],"collection":[{"href":"https:\/\/www.sosna.x01.pl\/index.php?rest_route=\/wp\/v2\/pages"}],"about":[{"href":"https:\/\/www.sosna.x01.pl\/index.php?rest_route=\/wp\/v2\/types\/page"}],"author":[{"embeddable":true,"href":"https:\/\/www.sosna.x01.pl\/index.php?rest_route=\/wp\/v2\/users\/1"}],"replies":[{"embeddable":true,"href":"https:\/\/www.sosna.x01.pl\/index.php?rest_route=%2Fwp%2Fv2%2Fcomments&post=7323"}],"version-history":[{"count":12,"href":"https:\/\/www.sosna.x01.pl\/index.php?rest_route=\/wp\/v2\/pages\/7323\/revisions"}],"predecessor-version":[{"id":9793,"href":"https:\/\/www.sosna.x01.pl\/index.php?rest_route=\/wp\/v2\/pages\/7323\/revisions\/9793"}],"wp:attachment":[{"href":"https:\/\/www.sosna.x01.pl\/index.php?rest_route=%2Fwp%2Fv2%2Fmedia&parent=7323"}],"curies":[{"name":"wp","href":"https:\/\/api.w.org\/{rel}","templated":true}]}}