{"id":382,"date":"2016-02-17T22:30:45","date_gmt":"2016-02-17T22:30:45","guid":{"rendered":"http:\/\/imagelydemo.com.routing.wpmanagedhost.com\/?page_id=7"},"modified":"2026-03-03T08:54:41","modified_gmt":"2026-03-03T07:54:41","slug":"contact","status":"publish","type":"page","link":"https:\/\/www.sosna.x01.pl\/?page_id=382","title":{"rendered":"HITLER"},"content":{"rendered":"\n    \n    <section class=\"u-align-center u-black u-clearfix u-container-align-center u-section-2\" id=\"carousel_5d94\">\n      <div class=\"u-clearfix u-sheet u-sheet-1\">\n        <div class=\"u-align-center u-black u-border-1 u-border-palette-2-base u-container-align-center u-container-style u-group u-shape-rectangle u-group-1\">\n          <div class=\"u-container-layout u-container-layout-1\">\n            <div class=\"u-hover-feature u-image u-image-circle u-border-1 u-border-palette-2-base u-image-1\" data-image-width=\"500\" data-image-height=\"275\" data-animation-name=\"fadeIn\" data-animation-duration=\"1000\" data-animation-delay=\"0\" style=\"background-image: url(&quot;https:\/\/www.sosna.x01.pl\/wp-content\/uploads\/2024\/07\/hitler.jpg&quot;);\"><\/div>\n            <h3 class=\"u-align-center u-hover-feature u-text u-text-1\">UWAGA !!! <\/h3>\n            <p class=\"u-align-center u-text u-text-2\">Dzia\u0142 ten nie ma zadania w jakikolwiek spos\u00f3b propagowania faszyzmu,tym bardziej jej przedstawiciela z w\u0105sikiem.To \u017ce Polacy to Nar\u00f3d kreatywny wiemy wszyscy,nie mog\u0142em si\u0119 powstrzyma\u0107 od dodania kilku pr\u00f3bek... <\/p>\n          <\/div>\n        <\/div>\n      <\/div>\n      \n      \n    <\/section>\n    <section class=\"u-black u-clearfix u-section-3\" id=\"sec-a026\">\n      <div class=\"u-clearfix u-sheet u-valign-middle u-sheet-1\">\n        <div class=\"u-blog u-expanded-width u-layout-grid u-pagination-center u-blog-1 u-hidden-visibility\"  data-items-per-page=\"9\" data-blog-source-type=\"Custom\" data-blog-source=\"HITLER\" data-max-items=\"9\" data-site-sorting-prop=\"created\" data-site-sorting-order=\"desc\">\n          <div class=\"u-repeater u-repeater-1\">\n            <div class=\"u-align-center u-black u-blog-post u-border-1 u-border-custom-color-1 u-container-align-center u-container-style u-repeater-item u-repeater-item-1\">\n              <div class=\"u-container-layout u-similar-container u-valign-top u-container-layout-1\"><a class=\"u-blog-control u-expanded-width u-image u-image-default u-image-1\" href=\"https:\/\/www.sosna.x01.pl\/?p=8332\">\n                <img decoding=\"async\" alt=\"\" class=\"u-blog-control u-expanded-width u-image u-image-default u-image-1\" src=\"https:\/\/www.sosna.x01.pl\/wp-content\/uploads\/2024\/07\/hitler.jpg\"><\/a>\n                <h4 class=\"u-blog-control u-text u-text-1\">\n                  <a class=\"u-post-header-link\" href=\"https:\/\/www.sosna.x01.pl\/?p=8332\">Przygody Adolfa #12 - Macica<\/a>\n                <\/h4>\n                <div class=\"u-blog-control u-metadata u-text-palette-2-base u-metadata-1\"><span class=\"u-meta-date u-meta-icon\">2024-07-28<\/span><span class=\"u-meta-category u-meta-icon\"><a class=\"u-textlink\" href=\"https:\/\/www.sosna.x01.pl\/?cat=120\" rel=\"category\">HITLER<\/a><\/span>\n                <\/div>\n                <a href=\"https:\/\/www.sosna.x01.pl\/?p=8332\" class=\"u-black u-blog-control u-border-1 u-border-white u-btn u-button-style u-btn-1\">Wi\u0119cej<\/a>\n              <\/div>\n            <\/div>\n            <div class=\"u-align-center u-black u-blog-post u-border-1 u-border-custom-color-1 u-container-align-center u-container-style u-repeater-item u-video-cover\">\n              <div class=\"u-container-layout u-similar-container u-valign-top u-container-layout-2\"><a class=\"u-blog-control u-expanded-width u-image u-image-default u-image-2\" href=\"https:\/\/www.sosna.x01.pl\/?p=8330\">\n                <img decoding=\"async\" alt=\"\" class=\"u-blog-control u-expanded-width u-image u-image-default u-image-2\" src=\"https:\/\/www.sosna.x01.pl\/wp-content\/uploads\/2024\/07\/hitler.jpg\"><\/a>\n                <h4 class=\"u-blog-control u-text u-text-2\">\n                  <a class=\"u-post-header-link\" href=\"https:\/\/www.sosna.x01.pl\/?p=8330\">Przygody Adolfa - Radio Maryja<\/a>\n                <\/h4>\n                <div class=\"u-blog-control u-metadata u-text-palette-2-base u-metadata-2\"><span class=\"u-meta-date u-meta-icon\">2024-07-28<\/span><span class=\"u-meta-category u-meta-icon\"><a class=\"u-textlink\" href=\"https:\/\/www.sosna.x01.pl\/?cat=120\" rel=\"category\">HITLER<\/a><\/span>\n                <\/div>\n                <a href=\"https:\/\/www.sosna.x01.pl\/?p=8330\" class=\"u-black u-blog-control u-border-1 u-border-white u-btn u-button-style u-btn-2\">Wi\u0119cej<\/a>\n              <\/div>\n            <\/div>\n            <div class=\"u-align-center u-black u-blog-post u-border-1 u-border-custom-color-1 u-container-align-center u-container-style u-repeater-item u-video-cover\">\n              <div class=\"u-container-layout u-similar-container u-valign-top u-container-layout-3\"><a class=\"u-blog-control u-expanded-width u-image u-image-default u-image-3\" href=\"https:\/\/www.sosna.x01.pl\/?p=8328\">\n                <img decoding=\"async\" alt=\"\" class=\"u-blog-control u-expanded-width u-image u-image-default u-image-3\" src=\"https:\/\/www.sosna.x01.pl\/wp-content\/uploads\/2024\/07\/hitler.jpg\"><\/a>\n                <h4 class=\"u-blog-control u-text u-text-3\">\n                  <a class=\"u-post-header-link\" href=\"https:\/\/www.sosna.x01.pl\/?p=8328\">Hitler i S\u0142awomir<\/a>\n                <\/h4>\n                <div class=\"u-blog-control u-metadata u-text-palette-2-base u-metadata-3\"><span class=\"u-meta-date u-meta-icon\">2024-07-28<\/span><span class=\"u-meta-category u-meta-icon\"><a class=\"u-textlink\" href=\"https:\/\/www.sosna.x01.pl\/?cat=120\" rel=\"category\">HITLER<\/a><\/span>\n                <\/div>\n                <a href=\"https:\/\/www.sosna.x01.pl\/?p=8328\" class=\"u-black u-blog-control u-border-1 u-border-white u-btn u-button-style u-btn-3\">Wi\u0119cej<\/a>\n              <\/div>\n            <\/div>\n            <div class=\"u-align-center u-black u-blog-post u-border-1 u-border-custom-color-1 u-container-align-center u-container-style u-repeater-item u-video-cover\">\n              <div class=\"u-container-layout u-similar-container u-valign-top u-container-layout-4\"><a class=\"u-blog-control u-expanded-width u-image u-image-default u-image-4\" href=\"https:\/\/www.sosna.x01.pl\/?p=8326\">\n                <img decoding=\"async\" alt=\"\" class=\"u-blog-control u-expanded-width u-image u-image-default u-image-4\" src=\"https:\/\/www.sosna.x01.pl\/wp-content\/uploads\/2024\/07\/hitler.jpg\" style=\"background-image: url(&quot;https:\/\/www.sosna.x01.pl\/wp-content\/uploads\/2024\/11\/zelig-1.jpg&quot;);\"><\/a>\n                <h4 class=\"u-blog-control u-text u-text-4\">\n                  <a class=\"u-post-header-link\" href=\"https:\/\/www.sosna.x01.pl\/?p=8326\">Hitler wybiera si\u0119 do lekarza<\/a>\n                <\/h4>\n                <div class=\"u-blog-control u-metadata u-text-palette-2-base u-metadata-4\"><span class=\"u-meta-date u-meta-icon\">2024-07-28<\/span><span class=\"u-meta-category u-meta-icon\"><a class=\"u-textlink\" href=\"https:\/\/www.sosna.x01.pl\/?cat=120\" rel=\"category\">HITLER<\/a><\/span>\n                <\/div>\n                <a href=\"https:\/\/www.sosna.x01.pl\/?p=8326\" class=\"u-black u-blog-control u-border-1 u-border-white u-btn u-button-style u-btn-4\">Wi\u0119cej<\/a>\n              <\/div>\n            <\/div>\n            <div class=\"u-align-center u-black u-blog-post u-border-1 u-border-custom-color-1 u-container-align-center u-container-style u-repeater-item u-video-cover\">\n              <div class=\"u-container-layout u-similar-container u-valign-top u-container-layout-5\"><a class=\"u-blog-control u-expanded-width u-image u-image-default u-image-5\" href=\"https:\/\/www.sosna.x01.pl\/?p=8324\">\n                <img decoding=\"async\" alt=\"\" class=\"u-blog-control u-expanded-width u-image u-image-default u-image-5\" src=\"https:\/\/www.sosna.x01.pl\/wp-content\/uploads\/2024\/07\/hitler.jpg\" style=\"background-image: url(&quot;https:\/\/www.sosna.x01.pl\/wp-content\/uploads\/2024\/11\/bananas-1.webp&quot;);\"><\/a>\n                <h4 class=\"u-blog-control u-text u-text-5\">\n                  <a class=\"u-post-header-link\" href=\"https:\/\/www.sosna.x01.pl\/?p=8324\">Hitler ogl\u0105da TV Trwam i TVN.<\/a>\n                <\/h4>\n                <div class=\"u-blog-control u-metadata u-text-palette-2-base u-metadata-5\"><span class=\"u-meta-date u-meta-icon\">2024-07-28<\/span><span class=\"u-meta-category u-meta-icon\"><a class=\"u-textlink\" href=\"https:\/\/www.sosna.x01.pl\/?cat=120\" rel=\"category\">HITLER<\/a><\/span>\n                <\/div>\n                <a href=\"https:\/\/www.sosna.x01.pl\/?p=8324\" class=\"u-black u-blog-control u-border-1 u-border-white u-btn u-button-style u-btn-5\">Wi\u0119cej<\/a>\n              <\/div>\n            <\/div>\n            <div class=\"u-align-center u-black u-blog-post u-border-1 u-border-custom-color-1 u-container-align-center u-container-style u-repeater-item u-video-cover\">\n              <div class=\"u-container-layout u-similar-container u-valign-top u-container-layout-6\"><a class=\"u-blog-control u-expanded-width u-image u-image-default u-image-6\" href=\"https:\/\/www.sosna.x01.pl\/?p=8322\">\n                <img decoding=\"async\" alt=\"\" class=\"u-blog-control u-expanded-width u-image u-image-default u-image-6\" src=\"https:\/\/www.sosna.x01.pl\/wp-content\/uploads\/2024\/07\/hitler.jpg\" style=\"background-image: url(&quot;https:\/\/www.sosna.x01.pl\/wp-content\/uploads\/2024\/11\/f119mainimage2-1.webp&quot;);\"><\/a>\n                <h4 class=\"u-blog-control u-text u-text-6\">\n                  <a class=\"u-post-header-link\" href=\"https:\/\/www.sosna.x01.pl\/?p=8322\">Hitler gra w World of Tanks<\/a>\n                <\/h4>\n                <div class=\"u-blog-control u-metadata u-text-palette-2-base u-metadata-6\"><span class=\"u-meta-date u-meta-icon\">2024-07-28<\/span><span class=\"u-meta-category u-meta-icon\"><a class=\"u-textlink\" href=\"https:\/\/www.sosna.x01.pl\/?cat=120\" rel=\"category\">HITLER<\/a><\/span>\n                <\/div>\n                <a href=\"https:\/\/www.sosna.x01.pl\/?p=8322\" class=\"u-black u-blog-control u-border-1 u-border-white u-btn u-button-style u-btn-6\">Wi\u0119cej<\/a>\n              <\/div>\n            <\/div>\n            <div class=\"u-align-center u-black u-blog-post u-border-1 u-border-custom-color-1 u-container-align-center u-container-style u-repeater-item u-video-cover\">\n              <div class=\"u-container-layout u-similar-container u-valign-top u-container-layout-7\"><a class=\"u-blog-control u-expanded-width u-image u-image-default u-image-7\" href=\"https:\/\/www.sosna.x01.pl\/?p=8320\">\n                <img decoding=\"async\" alt=\"\" class=\"u-blog-control u-expanded-width u-image u-image-default u-image-7\" src=\"https:\/\/www.sosna.x01.pl\/wp-content\/uploads\/2024\/07\/hitler.jpg\" style=\"background-image: url(&quot;https:\/\/www.sosna.x01.pl\/wp-content\/uploads\/2024\/11\/fahrenheit-911-1.png&quot;);\"><\/a>\n                <h4 class=\"u-blog-control u-text u-text-7\">\n                  <a class=\"u-post-header-link\" href=\"https:\/\/www.sosna.x01.pl\/?p=8320\">Hitler dowiaduje si\u0119 o sukcesach Polski<\/a>\n                <\/h4>\n                <div class=\"u-blog-control u-metadata u-text-palette-2-base u-metadata-7\"><span class=\"u-meta-date u-meta-icon\">2024-07-28<\/span><span class=\"u-meta-category u-meta-icon\"><a class=\"u-textlink\" href=\"https:\/\/www.sosna.x01.pl\/?cat=120\" rel=\"category\">HITLER<\/a><\/span>\n                <\/div>\n                <a href=\"https:\/\/www.sosna.x01.pl\/?p=8320\" class=\"u-black u-blog-control u-border-1 u-border-white u-btn u-button-style u-btn-7\">Wi\u0119cej<\/a>\n              <\/div>\n            <\/div>\n            <div class=\"u-align-center u-black u-blog-post u-border-1 u-border-custom-color-1 u-container-align-center u-container-style u-repeater-item u-video-cover\">\n              <div class=\"u-container-layout u-similar-container u-valign-top u-container-layout-8\"><a class=\"u-blog-control u-expanded-width u-image u-image-default u-image-8\" href=\"https:\/\/www.sosna.x01.pl\/?p=8318\">\n                <img decoding=\"async\" alt=\"\" class=\"u-blog-control u-expanded-width u-image u-image-default u-image-8\" src=\"https:\/\/www.sosna.x01.pl\/wp-content\/uploads\/2024\/07\/hitler.jpg\" style=\"background-image: url(&quot;https:\/\/www.sosna.x01.pl\/wp-content\/uploads\/2024\/11\/poklosie-1.jpg&quot;);\"><\/a>\n                <h4 class=\"u-blog-control u-text u-text-8\">\n                  <a class=\"u-post-header-link\" href=\"https:\/\/www.sosna.x01.pl\/?p=8318\">Hitler i kolor sukienki<\/a>\n                <\/h4>\n                <div class=\"u-blog-control u-metadata u-text-palette-2-base u-metadata-8\"><span class=\"u-meta-date u-meta-icon\">2024-07-28<\/span><span class=\"u-meta-category u-meta-icon\"><a class=\"u-textlink\" href=\"https:\/\/www.sosna.x01.pl\/?cat=120\" rel=\"category\">HITLER<\/a><\/span>\n                <\/div>\n                <a href=\"https:\/\/www.sosna.x01.pl\/?p=8318\" class=\"u-black u-blog-control u-border-1 u-border-white u-btn u-button-style u-btn-8\">Wi\u0119cej<\/a>\n              <\/div>\n            <\/div>\n            <div class=\"u-align-center u-black u-blog-post u-border-1 u-border-custom-color-1 u-container-align-center u-container-style u-repeater-item u-video-cover\">\n              <div class=\"u-container-layout u-similar-container u-valign-top u-container-layout-9\"><a class=\"u-blog-control u-expanded-width u-image u-image-default u-image-9\" href=\"https:\/\/www.sosna.x01.pl\/?p=8316\">\n                <img decoding=\"async\" alt=\"\" class=\"u-blog-control u-expanded-width u-image u-image-default u-image-9\" src=\"https:\/\/www.sosna.x01.pl\/wp-content\/uploads\/2024\/07\/hitler.jpg\" style=\"background-image: url(&quot;https:\/\/www.sosna.x01.pl\/wp-content\/uploads\/2024\/11\/hateful_eight_-1.jpg&quot;);\"><\/a>\n                <h4 class=\"u-blog-control u-text u-text-9\">\n                  <a class=\"u-post-header-link\" href=\"https:\/\/www.sosna.x01.pl\/?p=8316\">Hitler organizuje libacj\u0119 parodia<\/a>\n                <\/h4>\n                <div class=\"u-blog-control u-metadata u-text-palette-2-base u-metadata-9\"><span class=\"u-meta-date u-meta-icon\">2024-07-28<\/span><span class=\"u-meta-category u-meta-icon\"><a class=\"u-textlink\" href=\"https:\/\/www.sosna.x01.pl\/?cat=120\" rel=\"category\">HITLER<\/a><\/span>\n                <\/div>\n                <a href=\"https:\/\/www.sosna.x01.pl\/?p=8316\" class=\"u-black u-blog-control u-border-1 u-border-white u-btn u-button-style u-btn-9\">Wi\u0119cej<\/a>\n              <\/div>\n            <\/div>\n          <\/div>\n          <div class=\"has-pagination u-list-control\"><ul style=\"\" class=\"responsive-style1 u-pagination u-unstyled\"><li style=\"\" class=\"u-nav-item u-pagination-item active\"><span aria-current=\"page\" style=\"padding: 16px\" class=\"u-button-style u-nav-link\">1<\/span><\/li><li style=\"\" class=\"u-nav-item u-pagination-item\"><a style=\"padding: 16px\" class=\"u-button-style u-nav-link\" href=\"https:\/\/www.sosna.x01.pl\/index.php?rest_route=%2Fwp%2Fv2%2Fpages%2F382&#038;paged=2\">2<\/a><\/li><li style=\"\" class=\"u-nav-item u-pagination-item\"><a style=\"padding: 16px\" class=\"u-button-style u-nav-link\" href=\"https:\/\/www.sosna.x01.pl\/index.php?rest_route=%2Fwp%2Fv2%2Fpages%2F382&#038;paged=3\">3<\/a><\/li><li style=\"\" class=\"u-nav-item u-pagination-item\"><a style=\"padding: 16px\" class=\"u-button-style u-nav-link\" href=\"https:\/\/www.sosna.x01.pl\/index.php?rest_route=%2Fwp%2Fv2%2Fpages%2F382&#038;paged=2\">&#x3009;<\/a><\/li><\/ul>\n          <\/div>\n        <\/div>\n      <\/div>\n    <\/section>\n    <section class=\"u-black u-clearfix u-section-4\" id=\"sec-8560\">\n      <div class=\"u-clearfix u-sheet u-sheet-1\">\n        <a href=\"https:\/\/www.sosna.x01.pl\/\" class=\"u-active-black u-align-center u-black u-border-1 u-border-active-white u-border-hover-white u-border-white u-btn u-button-style u-hover-black u-text-hover-white u-btn-1\"><span class=\"u-file-icon u-icon u-text-white u-icon-1\"><img decoding=\"async\" src=\"data:image\/png;base64,iVBORw0KGgoAAAANSUhEUgAAAIAAAACACAYAAADDPmHLAAALtElEQVR4Xu1dBYwdVRTt4q7FrQTX4O5SPISgbakibWmLU1yCFgqF4k5xDyFY8OIQNEjw0AZ3KFCc5Zyft8vn7\/z\/7pu5MztyX\/Kyu3\/uu+\/Ovec\/Oe\/ObFsPK5X2QFul795uvocBoOIgMAAYACrugYrfvo0ABoCKe6Dit28jgAGg4h6o+O3bCGAAqK4H2tvbV+Ddt7W1vV1VL1R2BEDw90LQr3CB3w8guKWKIKgcABD4GRDoc1BHNgT8Qvx9GIDwR5WAUCkAIPiLIbi3o67bJMgv4PPdAYKPqwKCygAAwd8GQb0RdV5PcL\/F9X4AwYNVAEHpAYDAT4NAnoB6PCp\/l5R\/IHQK6skAAn8vbSk1ABD8nu5b3ztmBB9yo8E3MdvnvllpAYDgc57nfM95P0nheoDrAq4PSldKCQAEnyt8rvS54tco3Blwh8CdQqlKqQCAwM+G6HBvzz1+GoVcATmDn9NQ3h06SwMABH9FOPAO1Bq7l2Iha7hrWdjDUgAAwe\/jvvmzphj4etW\/uJHg5oz6S62bQgPAsXrj4J0RqXmoteKLcPlQKXsIe7eD\/HIKtk5Bn1cr6CluUiicuTgcwFX+OhqOSKBDzB7CZq4h9kzQV0fTyQBALwU9xQRAAKun4SOJDhF7aACQuLKFTExWL2Gv4uZe9tAAIPZlV0EFVi9B70FNm7KHBoAgP\/4nDMeth79uQ03K6sW0ILhZJHtoAAj2Y48ecNooNCOrN32M5r4mU53ALD7BGNe7sIcGgAAvOlbvSqVVc1TP7+HDXd2FO\/Fz2QDzQkQ72UMDgNBtjtVjUJYXNgkVo+7B2Er9xIbob3b8uKYOEKH6fPI19hD1RCVAl3cbiGD0hZMuR02D1fsLekcj8OdGRQx9H4LPz0KdzhfRGNfJHn6BulSMto1NygcAx+oxMAcoOChKxWf4cA8E\/5lW+mHHhrjOBefCKdmhobZcAMiA1XsMXu+D4H8l8T7smR9y5Pm3kMh3g0x5AABnbwsH3oDqy9WL4+d2NBqDejyC\/3eIAtg1LeSZFnYUat7OTIoPAMfqcVHEXL00HPw99A5A4O8NCXyjLOzcEZ9dhzp3Ej3KbYsNAMfq3QSnbK3smA51r+CX3RD8jzT0w94loYe5Bmto6FPQUVwAOFaPp3iLKjgiSgUzgg5E8H\/T1A+7Z4K+81H309QbU1cxAQAnHogbPhs1DVbvV+gdjsBfK3Uq7OlPWbS5PqDNQMhegjqztE0KcsUCQAas3gdwMtO0Xpc4G\/bMCLnxqEOd\/GX4eRDa\/y5svyrkSCYtLZFPQaY4AMiA1bsLDh6E4E2ROBr29IIc5\/M1G+Rfxt9cN0wS6pkDchNQd5HIK8sUAwAZsHpHI2CcUkQF9uwAQQ73zVb03Dn0h877RAohBJ2H48cZqGmwh83MyDcAMmD1Podn9kSgnpIEym05T4bsMai+LSe5g9NRT4B+0WNh0L8x5G9FXUhij4JMfgHgWD0OsWsr3GiUion4cC8E50uJfsfqccu5pUS+TuZR\/N43gD1cAPI8+dsssJ844vkEQAasHg9qjpWyerBnA8iT118kjpfR5lNUnh88K2nv2MPTIDtaMNJIVDaTyRcA3BB7Eqw9LqUb\/wF6udC7W+o12HQwZAmYpFvOPxlQ9H1eQN87Q3YC6lzSNoFyPNhaTDpFtdLtmw+9dmXA6r0GI7g6\/9BrDARgD8\/2mTO\/m0Q+QIbT2hDYUcsh8BXYwWNftlnNJxvz+sNoxykq0ZPLiQCAm1wfRnCITYvVYyBHSFk92LMy5NPM7qllEcGeNyVBc+whHx4ZIpGPIfMJ2vDJ5edjtK01iQ2AlFk90rgMvPjpF8fqXYp2aeT31fuXeYTDAtlDAoBAIJ2sXThFHQ57SFMHl2AAOFbvKvS0R3BvsgYc6jnkc+j3lghWz9tGSSCUPeRUwClBIyMo6hY4Eu8DvwU9uRwEADh7JXcTaeXqcZE3EDfxoyRIjtXjwdJaEvkUZF6CTg7BkyS6Ye+ckONZBReJaZR33JfnLalyMQBgfD8oJerTyNVjsgZJmrFwJokYb4E920OIiSTdfU5P9nBv2H2\/12gIwG76\/AhUkk1MOtEuzD0cCnv4Qixv8QLAsXrcAg33aosnwERJEjtPSJoHsnoSlRoycdjDTdExiaMFNQyI0METy4Ph15bvPWwJADh7CSjhEJsWq\/ekCz6pXW+BPfNBiLl6oayeV7eSANlD5h5+LdGH+yF1TBBsIpGPIfMi2nCKmtysbVMAwDg+y84hdp4YHUua8BCHhzlM1fYWBVbP24eSQCh7yEMkHibxUCmN8h2Ucop6IEp5FwBkwOpxgTcYBvEYV1QUWT1RfwpCcdhDHivz4RQuFLULp6hTUU9qZA\/\/BwA3xPLgZCttC5w+JmyQSGECh7ekyOp5+1YSCGUPmWBCIosJJ2mUR6CU7GHnFNUJgAxYvQno\/AB0ztQtb8mA1fPaoCQQyh4y1exi1EFK\/TeqIXvIA67neKEGADj7IPwYi5r04CTKZrJ6o9AhH\/QUFdizNwS55Uyb1RPZoyBE9pBbM66pRAU+2BeCF6CmxR4eAXvGt6Ej5rzXkiNTKEzLJqvHNG1vcawet5zDvMLFFCBVza2ZNPeQaeicRpiWnka5ngDY333btDu4Bwr5YAaPcr0lB6ye10YlgVD2kEfK\/JLupNR\/vZqhHVMA6ckBSh2Q1ePTPmMCWT3m6qW15VS6NTU13Jox9zCEPeQjanxUTYs9vA79D+wAAOdaHimukvAW+fAlWb3HJXpyyupJTNeQicMebo6OSRzx4dUk5Q00Xg9xmlq\/C1gGH3J4YrpznPI0GjFRk9kq3lIAVs97D0oCoewhH1tnAupGMftn+vxaiNP7bN\/IA\/AtFlx0hBa+rfPIErJ6oX6IKx+HPTwTnR0ao0Muysk11EoUE8gXMkkVE01Mk+pU6DOogKye75a0rsdhD\/mFZdKMdNQeh1gdVm9wFADITU9E5ZsyWhXOI0QTiQ5vcaweE0l29wpXW4CHb0zskOYe8uVWHLV96ze+GWWzxlE68jAIweI88ypqs8UGV+xMi+p4zVrLkDlWj0ZqvCi5CvB41325pLmHXMSTY2jG53BxvnrU+qzVaSBfj8K3XtZvO0hg8CFKsnSiUkJWT3TfCkJx2EM+7MqHXvnwa0fhtrw3YsbX5HQpvnwAZunwQQeWSQ6VfIjSWyrA6nl9oCQQyh7yoVeOtr1c\/3yQhtlHkcUHAF4no8efPFNm+pO3uEQSGtFduXpeGwsmwO0511tNEzvq7wf+Z5oczx3INezUipCTpIQxB3CqsXrdDpk47OEsiBtzBJsWLwBCbtsN+zzuVdUbYkPJZfmNnll6mCTxhWqgAAAeXYrO+yXGmUykBwgAtfcfGQCKhzIDQPFipmqxAUDVncVTZgAoXsxULTYAqLqzeMoMAMWLmarFBgBVdxZPmQGgeDFTtdgAoOrO4ikzABQvZqoWGwAC3Mk06shz8AAdHaLMzc\/DP640AAQEj8\/qM406ccE5B1+\/koeMJgNAQDQNAB5nlf0wyABgALApoBUGbAQQzie2BhA4KocJITYF2BRgU4BNAYLRyydiU4DPQ7huU4DASclFjAcI8KGtAWwNYGsAWwMEDBnNRG0NIHCirQEETkouYmuAAB\/aGsDWALYGsDVAwJBha4AEzrI1QALnyZvaGkDuq9o\/b7CEkBYOs9NAIZpsGyhwlE0BAiclF7EpIMCHNgXYNtDWALYNDBgybBuYwFm2BkjgPHlTWwPIfWXbQJ+vbBvo85C7bttAgaNsChA4KbmITQEBPrRtoG0DbRto28CAIcO2gQmcZWuABM6TN7U1gNxXtg30+Up7G8h\/N3Ocr9MMr9+B42DRf93w2YTRbSRkevrkMrh+qvSfc0lsUQWApEOTyZcHDAD5ikfm1hgAMnd5vjo0AOQrHplbYwDI3OX56tAAkK94ZG6NASBzl+erQwNAvuKRuTUGgMxdnq8ODQD5ikfm1vwLy13kv+uxJToAAAAASUVORK5CYII=\" alt=\"\"><\/span> HOME<br>\n        <\/a>\n      <\/div>\n    <\/section>\n    \n    \n    \n  \n","protected":false},"excerpt":{"rendered":"<p>UWAGA !!! Dzia\u0142 ten nie ma zadania w jakikolwiek spos\u00f3b propagowania faszyzmu,tym bardziej jej przedstawiciela z w\u0105sikiem.To \u017ce Polacy to Nar\u00f3d kreatywny wiemy wszyscy,nie mog\u0142em si\u0119 powstrzyma\u0107 od dodania kilku pr\u00f3bek&#8230; Przygody Adolfa #12 &#8211; Macica 2024-07-28HITLER Wi\u0119cej Przygody Adolfa &#8211; Radio Maryja 2024-07-28HITLER Wi\u0119cej Hitler i S\u0142awomir 2024-07-28HITLER Wi\u0119cej Hitler wybiera si\u0119 do lekarza &hellip; <a href=\"https:\/\/www.sosna.x01.pl\/?page_id=382\" class=\"more-link\">Continue reading<span class=\"screen-reader-text\"> &#8222;HITLER&#8221;<\/span><\/a><\/p>\n","protected":false},"author":1,"featured_media":0,"parent":0,"menu_order":0,"comment_status":"closed","ping_status":"closed","template":"","meta":{"ngg_post_thumbnail":0,"footnotes":""},"class_list":["post-382","page","type-page","status-publish","hentry"],"_links":{"self":[{"href":"https:\/\/www.sosna.x01.pl\/index.php?rest_route=\/wp\/v2\/pages\/382","targetHints":{"allow":["GET"]}}],"collection":[{"href":"https:\/\/www.sosna.x01.pl\/index.php?rest_route=\/wp\/v2\/pages"}],"about":[{"href":"https:\/\/www.sosna.x01.pl\/index.php?rest_route=\/wp\/v2\/types\/page"}],"author":[{"embeddable":true,"href":"https:\/\/www.sosna.x01.pl\/index.php?rest_route=\/wp\/v2\/users\/1"}],"replies":[{"embeddable":true,"href":"https:\/\/www.sosna.x01.pl\/index.php?rest_route=%2Fwp%2Fv2%2Fcomments&post=382"}],"version-history":[{"count":14,"href":"https:\/\/www.sosna.x01.pl\/index.php?rest_route=\/wp\/v2\/pages\/382\/revisions"}],"predecessor-version":[{"id":9785,"href":"https:\/\/www.sosna.x01.pl\/index.php?rest_route=\/wp\/v2\/pages\/382\/revisions\/9785"}],"wp:attachment":[{"href":"https:\/\/www.sosna.x01.pl\/index.php?rest_route=%2Fwp%2Fv2%2Fmedia&parent=382"}],"curies":[{"name":"wp","href":"https:\/\/api.w.org\/{rel}","templated":true}]}}