{"id":3,"date":"2024-07-23T11:22:53","date_gmt":"2024-07-23T11:22:53","guid":{"rendered":"https:\/\/www.sosna.x01.pl\/?page_id=3"},"modified":"2026-03-03T08:57:01","modified_gmt":"2026-03-03T07:57:01","slug":"privacy-policy-2","status":"publish","type":"page","link":"https:\/\/www.sosna.x01.pl\/?page_id=3","title":{"rendered":"ROWER"},"content":{"rendered":"\n    \n    <section class=\"u-black u-clearfix u-section-2\" id=\"sec-ee32\">\n      <div class=\"u-clearfix u-sheet u-valign-middle u-sheet-1\">\n        <div class=\"u-blog u-expanded-width u-layout-grid u-pagination-center u-blog-1 u-hidden-visibility\"  data-items-per-page=\"9\" data-blog-source-type=\"Custom\" data-blog-source=\"ROWER\" data-max-items=\"9\" data-site-sorting-prop=\"created\" data-site-sorting-order=\"desc\">\n          <div class=\"u-repeater u-repeater-1\">\n            <div class=\"u-align-center u-black u-blog-post u-border-1 u-border-custom-color-1 u-container-align-center u-container-style u-repeater-item u-repeater-item-1\">\n              <div class=\"u-container-layout u-similar-container u-valign-top u-container-layout-1\"><a class=\"u-blog-control u-expanded-width u-image u-image-default u-image-1\" href=\"https:\/\/www.sosna.x01.pl\/?p=8492\">\n                <img decoding=\"async\" alt=\"\" class=\"u-blog-control u-expanded-width u-image u-image-default u-image-1\" src=\"https:\/\/www.sosna.x01.pl\/wp-content\/uploads\/2024\/07\/hG3fZbWsHkNFLiTnGME106D4knY3A39yA.jpeg\"><\/a>\n                <h4 class=\"u-blog-control u-text u-text-1\">\n                  <a class=\"u-post-header-link\" href=\"https:\/\/www.sosna.x01.pl\/?p=8492\">Schronisko pod Klimczokiem \ud83d\ude42<\/a>\n                <\/h4>\n                <div class=\"u-blog-control u-metadata u-text-palette-2-base u-metadata-1\"><span class=\"u-meta-date u-meta-icon\">2024-08-13<\/span><span class=\"u-meta-category u-meta-icon\"><a class=\"u-textlink\" href=\"https:\/\/www.sosna.x01.pl\/?cat=26\" rel=\"category\">ROWER<\/a><\/span>\n                <\/div>\n                <a href=\"https:\/\/www.sosna.x01.pl\/?p=8492\" class=\"u-black u-blog-control u-border-1 u-border-white u-btn u-button-style u-btn-1\">Wi\u0119cej<\/a>\n              <\/div>\n            <\/div>\n            <div class=\"u-align-center u-black u-blog-post u-border-1 u-border-custom-color-1 u-container-align-center u-container-style u-repeater-item u-video-cover\">\n              <div class=\"u-container-layout u-similar-container u-valign-top u-container-layout-2\"><a class=\"u-blog-control u-expanded-width u-image u-image-default u-image-2\" href=\"https:\/\/www.sosna.x01.pl\/?p=8490\">\n                <img decoding=\"async\" alt=\"\" class=\"u-blog-control u-expanded-width u-image u-image-default u-image-2\" src=\"https:\/\/www.sosna.x01.pl\/wp-content\/uploads\/2024\/07\/v7ZRzFLnhqPoiJ706M.jpeg\"><\/a>\n                <h4 class=\"u-blog-control u-text u-text-2\">\n                  <a class=\"u-post-header-link\" href=\"https:\/\/www.sosna.x01.pl\/?p=8490\">Polana Jakuszycka - Bogatynia<\/a>\n                <\/h4>\n                <div class=\"u-blog-control u-metadata u-text-palette-2-base u-metadata-2\"><span class=\"u-meta-date u-meta-icon\">2024-08-13<\/span><span class=\"u-meta-category u-meta-icon\"><a class=\"u-textlink\" href=\"https:\/\/www.sosna.x01.pl\/?cat=26\" rel=\"category\">ROWER<\/a><\/span>\n                <\/div>\n                <a href=\"https:\/\/www.sosna.x01.pl\/?p=8490\" class=\"u-black u-blog-control u-border-1 u-border-white u-btn u-button-style u-btn-2\">Wi\u0119cej<\/a>\n              <\/div>\n            <\/div>\n            <div class=\"u-align-center u-black u-blog-post u-border-1 u-border-custom-color-1 u-container-align-center u-container-style u-repeater-item u-video-cover\">\n              <div class=\"u-container-layout u-similar-container u-valign-top u-container-layout-3\"><a class=\"u-blog-control u-expanded-width u-image u-image-default u-image-3\" href=\"https:\/\/www.sosna.x01.pl\/?p=8488\">\n                <img decoding=\"async\" alt=\"\" class=\"u-blog-control u-expanded-width u-image u-image-default u-image-3\" src=\"https:\/\/www.sosna.x01.pl\/wp-content\/uploads\/2024\/07\/7ab6b67288851a4797bcfadb94f542ef09ae9767ef74286bb5919f6367516cc2091b97beaa9a6f59b3f4a9f1ebcf1936bc1c84be9c5599fb5654ef_1280.jpg\"><\/a>\n                <h4 class=\"u-blog-control u-text u-text-3\">\n                  <a class=\"u-post-header-link\" href=\"https:\/\/www.sosna.x01.pl\/?p=8488\">Nov\u00e9 M\u011bsto pod Smrkem wjazd na Smrka 1124 m.n.p.m<\/a>\n                <\/h4>\n                <div class=\"u-blog-control u-metadata u-text-palette-2-base u-metadata-3\"><span class=\"u-meta-date u-meta-icon\">2024-08-13<\/span><span class=\"u-meta-category u-meta-icon\"><a class=\"u-textlink\" href=\"https:\/\/www.sosna.x01.pl\/?cat=26\" rel=\"category\">ROWER<\/a><\/span>\n                <\/div>\n                <a href=\"https:\/\/www.sosna.x01.pl\/?p=8488\" class=\"u-black u-blog-control u-border-1 u-border-white u-btn u-button-style u-btn-3\">Wi\u0119cej<\/a>\n              <\/div>\n            <\/div>\n            <div class=\"u-align-center u-black u-blog-post u-border-1 u-border-custom-color-1 u-container-align-center u-container-style u-repeater-item u-video-cover\">\n              <div class=\"u-container-layout u-similar-container u-valign-top u-container-layout-4\"><a class=\"u-blog-control u-expanded-width u-image u-image-default u-image-4\" href=\"https:\/\/www.sosna.x01.pl\/?p=8486\">\n                <img decoding=\"async\" alt=\"\" class=\"u-blog-control u-expanded-width u-image u-image-default u-image-4\" src=\"https:\/\/www.sosna.x01.pl\/wp-content\/uploads\/2024\/07\/9eaeb99e25f6ab50f92003f285839d254adb9f03518cde53a16fd51a9af6a984a06fbcc71118b5114d1be044cf6181abcb368ddc313a1838ea7132_1280.jpg\" style=\"background-image: url(&quot;https:\/\/www.sosna.x01.pl\/wp-content\/uploads\/2024\/11\/zelig-6.jpg&quot;);\"><\/a>\n                <h4 class=\"u-blog-control u-text u-text-4\">\n                  <a class=\"u-post-header-link\" href=\"https:\/\/www.sosna.x01.pl\/?p=8486\">Podjazd na Skrzyczne...<\/a>\n                <\/h4>\n                <div class=\"u-blog-control u-metadata u-text-palette-2-base u-metadata-4\"><span class=\"u-meta-date u-meta-icon\">2024-08-13<\/span><span class=\"u-meta-category u-meta-icon\"><a class=\"u-textlink\" href=\"https:\/\/www.sosna.x01.pl\/?cat=26\" rel=\"category\">ROWER<\/a><\/span>\n                <\/div>\n                <a href=\"https:\/\/www.sosna.x01.pl\/?p=8486\" class=\"u-black u-blog-control u-border-1 u-border-white u-btn u-button-style u-btn-4\">Wi\u0119cej<\/a>\n              <\/div>\n            <\/div>\n            <div class=\"u-align-center u-black u-blog-post u-border-1 u-border-custom-color-1 u-container-align-center u-container-style u-repeater-item u-video-cover\">\n              <div class=\"u-container-layout u-similar-container u-valign-top u-container-layout-5\"><a class=\"u-blog-control u-expanded-width u-image u-image-default u-image-5\" href=\"https:\/\/www.sosna.x01.pl\/?p=8484\">\n                <img decoding=\"async\" alt=\"\" class=\"u-blog-control u-expanded-width u-image u-image-default u-image-5\" src=\"https:\/\/www.sosna.x01.pl\/wp-content\/uploads\/2024\/07\/DLRoV91N5dd3hFNPSSxyPiiMqmDVQYpfCZoRAlEx9H3yMk.jpeg\" style=\"background-image: url(&quot;https:\/\/www.sosna.x01.pl\/wp-content\/uploads\/2024\/11\/bananas-6.webp&quot;);\"><\/a>\n                <h4 class=\"u-blog-control u-text u-text-5\">\n                  <a class=\"u-post-header-link\" href=\"https:\/\/www.sosna.x01.pl\/?p=8484\">Kwiedzina-Ryn<\/a>\n                <\/h4>\n                <div class=\"u-blog-control u-metadata u-text-palette-2-base u-metadata-5\"><span class=\"u-meta-date u-meta-icon\">2024-08-13<\/span><span class=\"u-meta-category u-meta-icon\"><a class=\"u-textlink\" href=\"https:\/\/www.sosna.x01.pl\/?cat=26\" rel=\"category\">ROWER<\/a><\/span>\n                <\/div>\n                <a href=\"https:\/\/www.sosna.x01.pl\/?p=8484\" class=\"u-black u-blog-control u-border-1 u-border-white u-btn u-button-style u-btn-5\">Wi\u0119cej<\/a>\n              <\/div>\n            <\/div>\n            <div class=\"u-align-center u-black u-blog-post u-border-1 u-border-custom-color-1 u-container-align-center u-container-style u-repeater-item u-video-cover\">\n              <div class=\"u-container-layout u-similar-container u-valign-top u-container-layout-6\"><a class=\"u-blog-control u-expanded-width u-image u-image-default u-image-6\" href=\"https:\/\/www.sosna.x01.pl\/?p=8482\">\n                <img decoding=\"async\" alt=\"\" class=\"u-blog-control u-expanded-width u-image u-image-default u-image-6\" src=\"https:\/\/www.sosna.x01.pl\/wp-content\/uploads\/2024\/07\/e16fc2c0cc0c44fd6d8ba253110dc28147624d3ad0ef60cde9e3c541ec0b85ae3622c0d1c557c61434e29257f940bf86c9be70d5b025891940142c_1280.jpg\" style=\"background-image: url(&quot;https:\/\/www.sosna.x01.pl\/wp-content\/uploads\/2024\/11\/f119mainimage2-6.webp&quot;);\"><\/a>\n                <h4 class=\"u-blog-control u-text u-text-6\">\n                  <a class=\"u-post-header-link\" href=\"https:\/\/www.sosna.x01.pl\/?p=8482\">Wycieczka do wilczego sza\u0144ca i Mamerek<\/a>\n                <\/h4>\n                <div class=\"u-blog-control u-metadata u-text-palette-2-base u-metadata-6\"><span class=\"u-meta-date u-meta-icon\">2024-08-13<\/span><span class=\"u-meta-category u-meta-icon\"><a class=\"u-textlink\" href=\"https:\/\/www.sosna.x01.pl\/?cat=26\" rel=\"category\">ROWER<\/a><\/span>\n                <\/div>\n                <a href=\"https:\/\/www.sosna.x01.pl\/?p=8482\" class=\"u-black u-blog-control u-border-1 u-border-white u-btn u-button-style u-btn-6\">Wi\u0119cej<\/a>\n              <\/div>\n            <\/div>\n            <div class=\"u-align-center u-black u-blog-post u-border-1 u-border-custom-color-1 u-container-align-center u-container-style u-repeater-item u-video-cover\">\n              <div class=\"u-container-layout u-similar-container u-valign-top u-container-layout-7\"><a class=\"u-blog-control u-expanded-width u-image u-image-default u-image-7\" href=\"https:\/\/www.sosna.x01.pl\/?p=8480\">\n                <img decoding=\"async\" alt=\"\" class=\"u-blog-control u-expanded-width u-image u-image-default u-image-7\" src=\"https:\/\/www.sosna.x01.pl\/wp-content\/uploads\/2024\/07\/3033469eac0e0ddd75ff140c09cd91a1be82a924b9d7082d03f6dba903569f35804a76965436f3119e5660e79f677e9b3b2571de7eaf2b262151bf_1280.jpg\" style=\"background-image: url(&quot;https:\/\/www.sosna.x01.pl\/wp-content\/uploads\/2024\/11\/fahrenheit-911-6.png&quot;);\"><\/a>\n                <h4 class=\"u-blog-control u-text u-text-7\">\n                  <a class=\"u-post-header-link\" href=\"https:\/\/www.sosna.x01.pl\/?p=8480\">Mi\u0119dzywodzie,Wolin,Kamie\u0144 Pomorski,Dziwn\u00f3wek,Mi\u0119dzywodzie<\/a>\n                <\/h4>\n                <div class=\"u-blog-control u-metadata u-text-palette-2-base u-metadata-7\"><span class=\"u-meta-date u-meta-icon\">2024-08-13<\/span><span class=\"u-meta-category u-meta-icon\"><a class=\"u-textlink\" href=\"https:\/\/www.sosna.x01.pl\/?cat=26\" rel=\"category\">ROWER<\/a><\/span>\n                <\/div>\n                <a href=\"https:\/\/www.sosna.x01.pl\/?p=8480\" class=\"u-black u-blog-control u-border-1 u-border-white u-btn u-button-style u-btn-7\">Wi\u0119cej<\/a>\n              <\/div>\n            <\/div>\n            <div class=\"u-align-center u-black u-blog-post u-border-1 u-border-custom-color-1 u-container-align-center u-container-style u-repeater-item u-video-cover\">\n              <div class=\"u-container-layout u-similar-container u-valign-top u-container-layout-8\"><a class=\"u-blog-control u-expanded-width u-image u-image-default u-image-8\" href=\"https:\/\/www.sosna.x01.pl\/?p=8478\">\n                <img decoding=\"async\" alt=\"\" class=\"u-blog-control u-expanded-width u-image u-image-default u-image-8\" src=\"https:\/\/www.sosna.x01.pl\/wp-content\/uploads\/2024\/07\/a5eb1e8b2b5a4a9319137e1bae6537927b3cf8ec702b389217c0e2e140e2a1f9466607b313dd22e3dfdde4620811573c8eea6ce05b43550eee8fc9_1280.jpg\" style=\"background-image: url(&quot;https:\/\/www.sosna.x01.pl\/wp-content\/uploads\/2024\/11\/poklosie-6.jpg&quot;);\"><\/a>\n                <h4 class=\"u-blog-control u-text u-text-8\">\n                  <a class=\"u-post-header-link\" href=\"https:\/\/www.sosna.x01.pl\/?p=8478\">Mi\u0119dzywodzie,Wolin,Mi\u0119dzyzdroje,Mi\u0119dzywodzie<\/a>\n                <\/h4>\n                <div class=\"u-blog-control u-metadata u-text-palette-2-base u-metadata-8\"><span class=\"u-meta-date u-meta-icon\">2024-08-13<\/span><span class=\"u-meta-category u-meta-icon\"><a class=\"u-textlink\" href=\"https:\/\/www.sosna.x01.pl\/?cat=26\" rel=\"category\">ROWER<\/a><\/span>\n                <\/div>\n                <a href=\"https:\/\/www.sosna.x01.pl\/?p=8478\" class=\"u-black u-blog-control u-border-1 u-border-white u-btn u-button-style u-btn-8\">Wi\u0119cej<\/a>\n              <\/div>\n            <\/div>\n            <div class=\"u-align-center u-black u-blog-post u-border-1 u-border-custom-color-1 u-container-align-center u-container-style u-repeater-item u-video-cover\">\n              <div class=\"u-container-layout u-similar-container u-valign-top u-container-layout-9\"><a class=\"u-blog-control u-expanded-width u-image u-image-default u-image-9\" href=\"https:\/\/www.sosna.x01.pl\/?p=8475\">\n                <img decoding=\"async\" alt=\"\" class=\"u-blog-control u-expanded-width u-image u-image-default u-image-9\" src=\"https:\/\/www.sosna.x01.pl\/wp-content\/uploads\/2024\/07\/92dooeWQeLkL2zKTjY0ictxIcc2dcKfEo6ms62JAk2bWjqHA.png\" style=\"background-image: url(&quot;https:\/\/www.sosna.x01.pl\/wp-content\/uploads\/2024\/11\/hateful_eight_-6.jpg&quot;);\"><\/a>\n                <h4 class=\"u-blog-control u-text u-text-9\">\n                  <a class=\"u-post-header-link\" href=\"https:\/\/www.sosna.x01.pl\/?p=8475\">Polska,Czechy,Niemcy,Polska w 3 godziny:)<\/a>\n                <\/h4>\n                <div class=\"u-blog-control u-metadata u-text-palette-2-base u-metadata-9\"><span class=\"u-meta-date u-meta-icon\">2024-08-13<\/span><span class=\"u-meta-category u-meta-icon\"><a class=\"u-textlink\" href=\"https:\/\/www.sosna.x01.pl\/?cat=26\" rel=\"category\">ROWER<\/a><\/span>\n                <\/div>\n                <a href=\"https:\/\/www.sosna.x01.pl\/?p=8475\" class=\"u-black u-blog-control u-border-1 u-border-white u-btn u-button-style u-btn-9\">Wi\u0119cej<\/a>\n              <\/div>\n            <\/div>\n          <\/div>\n          <div class=\"has-pagination u-list-control\"><ul style=\"\" class=\"responsive-style1 u-pagination u-unstyled\"><li style=\"\" class=\"u-nav-item u-pagination-item active\"><span aria-current=\"page\" style=\"padding: 16px\" class=\"u-button-style u-nav-link\">1<\/span><\/li><li style=\"\" class=\"u-nav-item u-pagination-item\"><a style=\"padding: 16px\" class=\"u-button-style u-nav-link\" href=\"https:\/\/www.sosna.x01.pl\/index.php?rest_route=%2Fwp%2Fv2%2Fpages%2F3&#038;paged=2\">2<\/a><\/li><li style=\"\" class=\"u-nav-item u-pagination-item\"><a style=\"padding: 16px\" class=\"u-button-style u-nav-link\" href=\"https:\/\/www.sosna.x01.pl\/index.php?rest_route=%2Fwp%2Fv2%2Fpages%2F3&#038;paged=2\">&#x3009;<\/a><\/li><\/ul>\n          <\/div>\n        <\/div>\n      <\/div>\n    <\/section>\n    <section class=\"u-black u-clearfix u-section-3\" id=\"sec-95c4\">\n      <div class=\"u-clearfix u-sheet u-sheet-1\">\n        <a href=\"#\" class=\"u-active-black u-align-center u-black u-border-1 u-border-active-white u-border-hover-white u-border-white u-btn u-button-style u-hover-black u-text-hover-white u-btn-1\"><span class=\"u-file-icon u-icon u-text-white u-icon-1\"><img decoding=\"async\" src=\"data:image\/png;base64,iVBORw0KGgoAAAANSUhEUgAAAIAAAACACAYAAADDPmHLAAALtElEQVR4Xu1dBYwdVRTt4q7FrQTX4O5SPISgbakibWmLU1yCFgqF4k5xDyFY8OIQNEjw0AZ3KFCc5Zyft8vn7\/z\/7pu5MztyX\/Kyu3\/uu+\/Ovec\/Oe\/ObFsPK5X2QFul795uvocBoOIgMAAYACrugYrfvo0ABoCKe6Dit28jgAGg4h6o+O3bCGAAqK4H2tvbV+Ddt7W1vV1VL1R2BEDw90LQr3CB3w8guKWKIKgcABD4GRDoc1BHNgT8Qvx9GIDwR5WAUCkAIPiLIbi3o67bJMgv4PPdAYKPqwKCygAAwd8GQb0RdV5PcL\/F9X4AwYNVAEHpAYDAT4NAnoB6PCp\/l5R\/IHQK6skAAn8vbSk1ABD8nu5b3ztmBB9yo8E3MdvnvllpAYDgc57nfM95P0nheoDrAq4PSldKCQAEnyt8rvS54tco3Blwh8CdQqlKqQCAwM+G6HBvzz1+GoVcATmDn9NQ3h06SwMABH9FOPAO1Bq7l2Iha7hrWdjDUgAAwe\/jvvmzphj4etW\/uJHg5oz6S62bQgPAsXrj4J0RqXmoteKLcPlQKXsIe7eD\/HIKtk5Bn1cr6CluUiicuTgcwFX+OhqOSKBDzB7CZq4h9kzQV0fTyQBALwU9xQRAAKun4SOJDhF7aACQuLKFTExWL2Gv4uZe9tAAIPZlV0EFVi9B70FNm7KHBoAgP\/4nDMeth79uQ03K6sW0ILhZJHtoAAj2Y48ecNooNCOrN32M5r4mU53ALD7BGNe7sIcGgAAvOlbvSqVVc1TP7+HDXd2FO\/Fz2QDzQkQ72UMDgNBtjtVjUJYXNgkVo+7B2Er9xIbob3b8uKYOEKH6fPI19hD1RCVAl3cbiGD0hZMuR02D1fsLekcj8OdGRQx9H4LPz0KdzhfRGNfJHn6BulSMto1NygcAx+oxMAcoOChKxWf4cA8E\/5lW+mHHhrjOBefCKdmhobZcAMiA1XsMXu+D4H8l8T7smR9y5Pm3kMh3g0x5AABnbwsH3oDqy9WL4+d2NBqDejyC\/3eIAtg1LeSZFnYUat7OTIoPAMfqcVHEXL00HPw99A5A4O8NCXyjLOzcEZ9dhzp3Ej3KbYsNAMfq3QSnbK3smA51r+CX3RD8jzT0w94loYe5Bmto6FPQUVwAOFaPp3iLKjgiSgUzgg5E8H\/T1A+7Z4K+81H309QbU1cxAQAnHogbPhs1DVbvV+gdjsBfK3Uq7OlPWbS5PqDNQMhegjqztE0KcsUCQAas3gdwMtO0Xpc4G\/bMCLnxqEOd\/GX4eRDa\/y5svyrkSCYtLZFPQaY4AMiA1bsLDh6E4E2ROBr29IIc5\/M1G+Rfxt9cN0wS6pkDchNQd5HIK8sUAwAZsHpHI2CcUkQF9uwAQQ73zVb03Dn0h877RAohBJ2H48cZqGmwh83MyDcAMmD1Podn9kSgnpIEym05T4bsMai+LSe5g9NRT4B+0WNh0L8x5G9FXUhij4JMfgHgWD0OsWsr3GiUion4cC8E50uJfsfqccu5pUS+TuZR\/N43gD1cAPI8+dsssJ844vkEQAasHg9qjpWyerBnA8iT118kjpfR5lNUnh88K2nv2MPTIDtaMNJIVDaTyRcA3BB7Eqw9LqUb\/wF6udC7W+o12HQwZAmYpFvOPxlQ9H1eQN87Q3YC6lzSNoFyPNhaTDpFtdLtmw+9dmXA6r0GI7g6\/9BrDARgD8\/2mTO\/m0Q+QIbT2hDYUcsh8BXYwWNftlnNJxvz+sNoxykq0ZPLiQCAm1wfRnCITYvVYyBHSFk92LMy5NPM7qllEcGeNyVBc+whHx4ZIpGPIfMJ2vDJ5edjtK01iQ2AlFk90rgMvPjpF8fqXYp2aeT31fuXeYTDAtlDAoBAIJ2sXThFHQ57SFMHl2AAOFbvKvS0R3BvsgYc6jnkc+j3lghWz9tGSSCUPeRUwClBIyMo6hY4Eu8DvwU9uRwEADh7JXcTaeXqcZE3EDfxoyRIjtXjwdJaEvkUZF6CTg7BkyS6Ye+ckONZBReJaZR33JfnLalyMQBgfD8oJerTyNVjsgZJmrFwJokYb4E920OIiSTdfU5P9nBv2H2\/12gIwG76\/AhUkk1MOtEuzD0cCnv4Qixv8QLAsXrcAg33aosnwERJEjtPSJoHsnoSlRoycdjDTdExiaMFNQyI0METy4Ph15bvPWwJADh7CSjhEJsWq\/ekCz6pXW+BPfNBiLl6oayeV7eSANlD5h5+LdGH+yF1TBBsIpGPIfMi2nCKmtysbVMAwDg+y84hdp4YHUua8BCHhzlM1fYWBVbP24eSQCh7yEMkHibxUCmN8h2Ucop6IEp5FwBkwOpxgTcYBvEYV1QUWT1RfwpCcdhDHivz4RQuFLULp6hTUU9qZA\/\/BwA3xPLgZCttC5w+JmyQSGECh7ekyOp5+1YSCGUPmWBCIosJJ2mUR6CU7GHnFNUJgAxYvQno\/AB0ztQtb8mA1fPaoCQQyh4y1exi1EFK\/TeqIXvIA67neKEGADj7IPwYi5r04CTKZrJ6o9AhH\/QUFdizNwS55Uyb1RPZoyBE9pBbM66pRAU+2BeCF6CmxR4eAXvGt6Ej5rzXkiNTKEzLJqvHNG1vcawet5zDvMLFFCBVza2ZNPeQaeicRpiWnka5ngDY333btDu4Bwr5YAaPcr0lB6ye10YlgVD2kEfK\/JLupNR\/vZqhHVMA6ckBSh2Q1ePTPmMCWT3m6qW15VS6NTU13Jox9zCEPeQjanxUTYs9vA79D+wAAOdaHimukvAW+fAlWb3HJXpyyupJTNeQicMebo6OSRzx4dUk5Q00Xg9xmlq\/C1gGH3J4YrpznPI0GjFRk9kq3lIAVs97D0oCoewhH1tnAupGMftn+vxaiNP7bN\/IA\/AtFlx0hBa+rfPIErJ6oX6IKx+HPTwTnR0ao0Muysk11EoUE8gXMkkVE01Mk+pU6DOogKye75a0rsdhD\/mFZdKMdNQeh1gdVm9wFADITU9E5ZsyWhXOI0QTiQ5vcaweE0l29wpXW4CHb0zskOYe8uVWHLV96ze+GWWzxlE68jAIweI88ypqs8UGV+xMi+p4zVrLkDlWj0ZqvCi5CvB41325pLmHXMSTY2jG53BxvnrU+qzVaSBfj8K3XtZvO0hg8CFKsnSiUkJWT3TfCkJx2EM+7MqHXvnwa0fhtrw3YsbX5HQpvnwAZunwQQeWSQ6VfIjSWyrA6nl9oCQQyh7yoVeOtr1c\/3yQhtlHkcUHAF4no8efPFNm+pO3uEQSGtFduXpeGwsmwO0511tNEzvq7wf+Z5oczx3INezUipCTpIQxB3CqsXrdDpk47OEsiBtzBJsWLwBCbtsN+zzuVdUbYkPJZfmNnll6mCTxhWqgAAAeXYrO+yXGmUykBwgAtfcfGQCKhzIDQPFipmqxAUDVncVTZgAoXsxULTYAqLqzeMoMAMWLmarFBgBVdxZPmQGgeDFTtdgAoOrO4ikzABQvZqoWGwAC3Mk06shz8AAdHaLMzc\/DP640AAQEj8\/qM406ccE5B1+\/koeMJgNAQDQNAB5nlf0wyABgALApoBUGbAQQzie2BhA4KocJITYF2BRgU4BNAYLRyydiU4DPQ7huU4DASclFjAcI8KGtAWwNYGsAWwMEDBnNRG0NIHCirQEETkouYmuAAB\/aGsDWALYGsDVAwJBha4AEzrI1QALnyZvaGkDuq9o\/b7CEkBYOs9NAIZpsGyhwlE0BAiclF7EpIMCHNgXYNtDWALYNDBgybBuYwFm2BkjgPHlTWwPIfWXbQJ+vbBvo85C7bttAgaNsChA4KbmITQEBPrRtoG0DbRto28CAIcO2gQmcZWuABM6TN7U1gNxXtg30+Up7G8h\/N3Ocr9MMr9+B42DRf93w2YTRbSRkevrkMrh+qvSfc0lsUQWApEOTyZcHDAD5ikfm1hgAMnd5vjo0AOQrHplbYwDI3OX56tAAkK94ZG6NASBzl+erQwNAvuKRuTUGgMxdnq8ODQD5ikfm1vwLy13kv+uxJToAAAAASUVORK5CYII=\" alt=\"\"><\/span> HOME<br>\n        <\/a>\n      <\/div>\n    <\/section>\n    \n    \n    \n  \n","protected":false},"excerpt":{"rendered":"<p>Schronisko pod Klimczokiem \ud83d\ude42 2024-08-13ROWER Wi\u0119cej Polana Jakuszycka &#8211; Bogatynia 2024-08-13ROWER Wi\u0119cej Nov\u00e9 M\u011bsto pod Smrkem wjazd na Smrka 1124 m.n.p.m 2024-08-13ROWER Wi\u0119cej Podjazd na Skrzyczne&#8230; 2024-08-13ROWER Wi\u0119cej Kwiedzina-Ryn 2024-08-13ROWER Wi\u0119cej Wycieczka do wilczego sza\u0144ca i Mamerek 2024-08-13ROWER Wi\u0119cej Mi\u0119dzywodzie,Wolin,Kamie\u0144 Pomorski,Dziwn\u00f3wek,Mi\u0119dzywodzie 2024-08-13ROWER Wi\u0119cej Mi\u0119dzywodzie,Wolin,Mi\u0119dzyzdroje,Mi\u0119dzywodzie 2024-08-13ROWER Wi\u0119cej Polska,Czechy,Niemcy,Polska w 3 godziny:) 2024-08-13ROWER Wi\u0119cej 12&#x3009; HOME<\/p>\n","protected":false},"author":1,"featured_media":0,"parent":0,"menu_order":0,"comment_status":"closed","ping_status":"open","template":"","meta":{"ngg_post_thumbnail":0,"footnotes":""},"class_list":["post-3","page","type-page","status-publish","hentry"],"_links":{"self":[{"href":"https:\/\/www.sosna.x01.pl\/index.php?rest_route=\/wp\/v2\/pages\/3","targetHints":{"allow":["GET"]}}],"collection":[{"href":"https:\/\/www.sosna.x01.pl\/index.php?rest_route=\/wp\/v2\/pages"}],"about":[{"href":"https:\/\/www.sosna.x01.pl\/index.php?rest_route=\/wp\/v2\/types\/page"}],"author":[{"embeddable":true,"href":"https:\/\/www.sosna.x01.pl\/index.php?rest_route=\/wp\/v2\/users\/1"}],"replies":[{"embeddable":true,"href":"https:\/\/www.sosna.x01.pl\/index.php?rest_route=%2Fwp%2Fv2%2Fcomments&post=3"}],"version-history":[{"count":10,"href":"https:\/\/www.sosna.x01.pl\/index.php?rest_route=\/wp\/v2\/pages\/3\/revisions"}],"predecessor-version":[{"id":9789,"href":"https:\/\/www.sosna.x01.pl\/index.php?rest_route=\/wp\/v2\/pages\/3\/revisions\/9789"}],"wp:attachment":[{"href":"https:\/\/www.sosna.x01.pl\/index.php?rest_route=%2Fwp%2Fv2%2Fmedia&parent=3"}],"curies":[{"name":"wp","href":"https:\/\/api.w.org\/{rel}","templated":true}]}}